{"id":328,"date":"2025-10-08T15:29:58","date_gmt":"2025-10-08T13:29:58","guid":{"rendered":"https:\/\/claviscont.com\/?page_id=328"},"modified":"2025-10-08T15:32:55","modified_gmt":"2025-10-08T13:32:55","slug":"sikeres-ajanlatkeres-de","status":"publish","type":"page","link":"https:\/\/claviscont.com\/en\/sikeres-ajanlatkeres-de\/","title":{"rendered":"Sikeres aj\u00e1nlatk\u00e9r\u00e9s - DE"},"content":{"rendered":"","protected":false},"excerpt":{"rendered":"","protected":false},"author":1,"featured_media":0,"parent":0,"menu_order":0,"comment_status":"closed","ping_status":"closed","template":"","meta":{"footnotes":""},"class_list":["post-328","page","type-page","status-publish","hentry"],"_links":{"self":[{"href":"https:\/\/claviscont.com\/en\/wp-json\/wp\/v2\/pages\/328","targetHints":{"allow":["GET"]}}],"collection":[{"href":"https:\/\/claviscont.com\/en\/wp-json\/wp\/v2\/pages"}],"about":[{"href":"https:\/\/claviscont.com\/en\/wp-json\/wp\/v2\/types\/page"}],"author":[{"embeddable":true,"href":"https:\/\/claviscont.com\/en\/wp-json\/wp\/v2\/users\/1"}],"replies":[{"embeddable":true,"href":"https:\/\/claviscont.com\/en\/wp-json\/wp\/v2\/comments?post=328"}],"version-history":[{"count":2,"href":"https:\/\/claviscont.com\/en\/wp-json\/wp\/v2\/pages\/328\/revisions"}],"predecessor-version":[{"id":331,"href":"https:\/\/claviscont.com\/en\/wp-json\/wp\/v2\/pages\/328\/revisions\/331"}],"wp:attachment":[{"href":"https:\/\/claviscont.com\/en\/wp-json\/wp\/v2\/media?parent=328"}],"curies":[{"name":"wp","href":"https:\/\/api.w.org\/{rel}","templated":true}]}}