{"id":316,"date":"2025-08-25T08:25:54","date_gmt":"2025-08-25T06:25:54","guid":{"rendered":"https:\/\/claviscont.com\/?page_id=316"},"modified":"2025-08-25T08:25:56","modified_gmt":"2025-08-25T06:25:56","slug":"kontenerek-vasarlasa-hazhoz-szallitasa","status":"publish","type":"page","link":"https:\/\/claviscont.com\/pl\/kontenerek-vasarlasa-hazhoz-szallitasa\/","title":{"rendered":"Kont\u00e9nerek v\u00e1s\u00e1rl\u00e1sa h\u00e1zhoz sz\u00e1ll\u00edt\u00e1sa"},"content":{"rendered":"","protected":false},"excerpt":{"rendered":"","protected":false},"author":1,"featured_media":0,"parent":0,"menu_order":0,"comment_status":"closed","ping_status":"closed","template":"","meta":{"footnotes":""},"class_list":["post-316","page","type-page","status-publish","hentry"],"_links":{"self":[{"href":"https:\/\/claviscont.com\/pl\/wp-json\/wp\/v2\/pages\/316","targetHints":{"allow":["GET"]}}],"collection":[{"href":"https:\/\/claviscont.com\/pl\/wp-json\/wp\/v2\/pages"}],"about":[{"href":"https:\/\/claviscont.com\/pl\/wp-json\/wp\/v2\/types\/page"}],"author":[{"embeddable":true,"href":"https:\/\/claviscont.com\/pl\/wp-json\/wp\/v2\/users\/1"}],"replies":[{"embeddable":true,"href":"https:\/\/claviscont.com\/pl\/wp-json\/wp\/v2\/comments?post=316"}],"version-history":[{"count":1,"href":"https:\/\/claviscont.com\/pl\/wp-json\/wp\/v2\/pages\/316\/revisions"}],"predecessor-version":[{"id":317,"href":"https:\/\/claviscont.com\/pl\/wp-json\/wp\/v2\/pages\/316\/revisions\/317"}],"wp:attachment":[{"href":"https:\/\/claviscont.com\/pl\/wp-json\/wp\/v2\/media?parent=316"}],"curies":[{"name":"wp","href":"https:\/\/api.w.org\/{rel}","templated":true}]}}