{"id":127,"date":"2025-06-26T09:51:01","date_gmt":"2025-06-26T07:51:01","guid":{"rendered":"https:\/\/claviscont.com\/?page_id=127"},"modified":"2025-07-10T11:11:49","modified_gmt":"2025-07-10T09:11:49","slug":"kupit-pouzity-kontajner","status":"publish","type":"page","link":"https:\/\/claviscont.com\/sk\/kupit-pouzity-kontajner\/","title":{"rendered":"Haszn\u00e1lt Kont\u00e9ner v\u00e1s\u00e1rl\u00e1s"},"content":{"rendered":"","protected":false},"excerpt":{"rendered":"","protected":false},"author":1,"featured_media":178,"parent":0,"menu_order":0,"comment_status":"closed","ping_status":"closed","template":"","meta":{"footnotes":""},"class_list":["post-127","page","type-page","status-publish","has-post-thumbnail","hentry"],"_links":{"self":[{"href":"https:\/\/claviscont.com\/sk\/wp-json\/wp\/v2\/pages\/127","targetHints":{"allow":["GET"]}}],"collection":[{"href":"https:\/\/claviscont.com\/sk\/wp-json\/wp\/v2\/pages"}],"about":[{"href":"https:\/\/claviscont.com\/sk\/wp-json\/wp\/v2\/types\/page"}],"author":[{"embeddable":true,"href":"https:\/\/claviscont.com\/sk\/wp-json\/wp\/v2\/users\/1"}],"replies":[{"embeddable":true,"href":"https:\/\/claviscont.com\/sk\/wp-json\/wp\/v2\/comments?post=127"}],"version-history":[{"count":2,"href":"https:\/\/claviscont.com\/sk\/wp-json\/wp\/v2\/pages\/127\/revisions"}],"predecessor-version":[{"id":208,"href":"https:\/\/claviscont.com\/sk\/wp-json\/wp\/v2\/pages\/127\/revisions\/208"}],"wp:featuredmedia":[{"embeddable":true,"href":"https:\/\/claviscont.com\/sk\/wp-json\/wp\/v2\/media\/178"}],"wp:attachment":[{"href":"https:\/\/claviscont.com\/sk\/wp-json\/wp\/v2\/media?parent=127"}],"curies":[{"name":"wp","href":"https:\/\/api.w.org\/{rel}","templated":true}]}}